{"id":1036,"date":"2023-10-03T09:28:43","date_gmt":"2023-10-03T09:28:43","guid":{"rendered":"https:\/\/nou.simpara.ro\/?page_id=1036"},"modified":"2023-12-17T11:18:19","modified_gmt":"2023-12-17T11:18:19","slug":"contact-2","status":"publish","type":"page","link":"https:\/\/simpara.ro\/?page_id=1036","title":{"rendered":"contacti"},"content":{"rendered":"\n<div id=\"right\">                                                  \t\t\t\n      <div id=\"fb-root\" class=\" fb_reset\"><div style=\"position: absolute; top: -10000px; width: 0px; height: 0px;\"><div><\/div><\/div><\/div>\n      \n      <script>(function(d, s, id) {\n        var js, fjs = d.getElementsByTagName(s)[0];\n        if (d.getElementById(id)) {return;}\n        js = d.createElement(s); js.id = id;\n        js.src = \"\/\/connect.facebook.net\/en_US\/all.js#xfbml=1\";\n        fjs.parentNode.insertBefore(js, fjs);\n      }(document, 'script', 'facebook-jssdk'));<\/script>\n      <div class=\"fb-like fb_iframe_widget\" data-send=\"true\" data-width=\"320\" data-show-faces=\"false\" style=\"float:right\" fb-xfbml-state=\"rendered\" fb-iframe-plugin-query=\"app_id=&amp;container_width=0&amp;href=http%3A%2F%2Fsimpara.ro%2FRO%2FRO-134.htm&amp;locale=en_US&amp;sdk=joey&amp;send=true&amp;show_faces=false&amp;width=320\"><span style=\"vertical-align: bottom; width: 320px; height: 20px;\"><iframe loading=\"lazy\" name=\"f32b041ff59e0e4\" width=\"320px\" height=\"1000px\" data-testid=\"fb:like Facebook Social Plugin\" title=\"fb:like Facebook Social Plugin\" frameborder=\"0\" allowtransparency=\"true\" allowfullscreen=\"true\" scrolling=\"no\" allow=\"encrypted-media\" src=\"https:\/\/web.facebook.com\/plugins\/like.php?app_id=&amp;channel=https%3A%2F%2Fstaticxx.facebook.com%2Fx%2Fconnect%2Fxd_arbiter%2F%3Fversion%3D46%23cb%3Df3b09d9414e5d14%26domain%3Dsimpara.ro%26is_canvas%3Dfalse%26origin%3Dhttp%253A%252F%252Fsimpara.ro%252Ff2dbb945ce92ec4%26relation%3Dparent.parent&amp;container_width=0&amp;href=http%3A%2F%2Fsimpara.ro%2FRO%2FRO-134.htm&amp;locale=en_US&amp;sdk=joey&amp;send=true&amp;show_faces=false&amp;width=320\" style=\"border: none; visibility: visible; width: 320px; height: 20px;\" class=\"\"><\/iframe><\/span><\/div>\n            \n\t\t<div class=\"content\">\n\t  <h2>Contact<\/h2>\t      <form method=\"post\" action=\"\/sendmail.htm\">\n      <p>\n      <input type=\"hidden\" name=\"menuid\" value=\"134\">\n      <input type=\"hidden\" name=\"adress\" value=\"23\">\n    \t<label>Nume:<\/label><input type=\"text\" name=\"nume\" size=\"30\"> <br><br>\n    \t<label>Telefon: <\/label><input type=\"text\" name=\"telefon\" size=\"30\"><br><br>\n    \t<label>Email: <\/label><input type=\"text\" name=\"email\" size=\"30\"><br><br>\n    \t<label>Mesaj: <\/label><br><textarea name=\"mesaj\" rows=\"3\" cols=\"50\"><\/textarea> <br><br>\n    \t<input type=\"submit\" name=\"trimite\" class=\"submit1\" value=\"Trimite\">\n    \t<\/p>\n    \t<\/form>\n\t    \n\t    \n\t\t<\/div>\n\t\t<div class=\"content\">\n\t  <h2><\/h2>\t\t<p><strong>Editura<\/strong><em><strong> &#8222;<\/strong><\/em><strong>Arhitectur\u0103. Restaurare. Arheologie<\/strong><em><strong>&#8222;<\/strong><\/em><\/p><p>director &#8211; dr. Monica M\u0103rgineanu C\u00e2rstoiu&nbsp;<\/p><p>&nbsp;<\/p><p>adresa de coresponden\u0163\u0103 &#8211;<\/p><p> Calea Vitan nr. 8, bl. V51, sc.2, ap. 42, sector 3, Bucure\u015fti, 031296<\/p><p>&nbsp;<\/p><p><em>V\u0103 rug\u0103m s\u0103 adresa\u0163i coresponden\u0163a Asocia\u0163iei &#8222;Arhitectur\u0103. Restaurare. Arheologie&#8221;&nbsp;<\/em><\/p><p>&nbsp;<\/p><p>&nbsp;<\/p><p>tel\/fax: 021 321 76 32<\/p><p>e-mail: <span>editura<\/span><span>@<\/span><span>simpara.ro<\/span><\/p>&nbsp;<p>&nbsp;<\/p>\n\t\n\t\t<\/div>\n\t\t      <\/div>\n","protected":false},"excerpt":{"rendered":"<p>Contact Nume: Telefon: Email: Mesaj: Editura &#8222;Arhitectur\u0103. Restaurare. Arheologie&#8222; director &#8211; dr. Monica M\u0103rgineanu C\u00e2rstoiu&nbsp; &nbsp; adresa de coresponden\u0163\u0103 &#8211; Calea Vitan nr. 8, bl. V51, sc.2, ap. 42, sector 3, Bucure\u015fti, 031296 &nbsp;&#46;&#46;&#46;<\/p>\n","protected":false},"author":1,"featured_media":0,"parent":0,"menu_order":0,"comment_status":"closed","ping_status":"closed","template":"","meta":{"footnotes":""},"class_list":["post-1036","page","type-page","status-publish","hentry"],"_links":{"self":[{"href":"https:\/\/simpara.ro\/index.php?rest_route=\/wp\/v2\/pages\/1036","targetHints":{"allow":["GET"]}}],"collection":[{"href":"https:\/\/simpara.ro\/index.php?rest_route=\/wp\/v2\/pages"}],"about":[{"href":"https:\/\/simpara.ro\/index.php?rest_route=\/wp\/v2\/types\/page"}],"author":[{"embeddable":true,"href":"https:\/\/simpara.ro\/index.php?rest_route=\/wp\/v2\/users\/1"}],"replies":[{"embeddable":true,"href":"https:\/\/simpara.ro\/index.php?rest_route=%2Fwp%2Fv2%2Fcomments&post=1036"}],"version-history":[{"count":5,"href":"https:\/\/simpara.ro\/index.php?rest_route=\/wp\/v2\/pages\/1036\/revisions"}],"predecessor-version":[{"id":5667,"href":"https:\/\/simpara.ro\/index.php?rest_route=\/wp\/v2\/pages\/1036\/revisions\/5667"}],"wp:attachment":[{"href":"https:\/\/simpara.ro\/index.php?rest_route=%2Fwp%2Fv2%2Fmedia&parent=1036"}],"curies":[{"name":"wp","href":"https:\/\/api.w.org\/{rel}","templated":true}]}}