{"id":329,"date":"2023-09-17T12:07:02","date_gmt":"2023-09-17T12:07:02","guid":{"rendered":"https:\/\/nou.simpara.ro\/?page_id=329"},"modified":"2023-09-17T12:07:03","modified_gmt":"2023-09-17T12:07:03","slug":"sustineti-ara","status":"publish","type":"page","link":"https:\/\/simpara.ro\/?page_id=329","title":{"rendered":"sustineti a|r|a"},"content":{"rendered":"\n<p><strong>1.<\/strong>&nbsp;<strong>Dona\u021bi periodic sau ocazional o sum\u0103 de bani pentru o ac\u021biune sau program al asocia\u021biei:<\/strong><br>&#8211; prin mandat po\u0219tal completat cu datele asocia\u021biei ARA, cu men\u021biunea dona\u021bie;<br>&#8211; depun\u00e2nd \u00een contul asocia\u021biei suma pe care dori\u021bi s\u0103 o dona\u021bi;<\/p>\n\n\n\n<p>&nbsp;\u00cen conformitate cu Statutul Asocia\u021biei ARA, donatorii care contribuie cu 2000 lei anual pot dob\u00e2ndi titlul de membru binef\u0103c\u0103tor dup\u0103 aprobarea candidaturii de c\u0103tre AGA.<\/p>\n\n\n\n<p><br><strong>2.<\/strong>&nbsp;<strong>Sponsoriza\u021bi activit\u0103\u021bile asocia\u021biei<\/strong><\/p>\n\n\n\n<p><strong>ASOCIA\u021aIA \u201eARHITECTUR\u00c4\u201a. RESTAURARE. ARHEOLOGIE&#8221;<\/strong><\/p>\n\n\n\n<p>Adresa:&nbsp;&nbsp;&nbsp;&nbsp;&nbsp;&nbsp;&nbsp;&nbsp;&nbsp;&nbsp;&nbsp;str. Lung\u0103, nr. 56, Bra\u0219ov, 500058<br>Tel\/fax:&nbsp;&nbsp;&nbsp;&nbsp;&nbsp;&nbsp;&nbsp;&nbsp;&nbsp;&nbsp;&nbsp;0040 021 3217632<br>e-mail&nbsp;&nbsp;&nbsp;&nbsp;&nbsp;&nbsp;&nbsp;&nbsp;&nbsp;&nbsp;&nbsp;&nbsp;&nbsp;asociatie@simpara.ro<br>Cont:&nbsp;&nbsp;&nbsp;&nbsp;&nbsp;&nbsp;&nbsp;&nbsp;&nbsp;&nbsp;&nbsp;&nbsp;&nbsp;&nbsp;RO37 RNCB 0484 1592 1710 0001, BCR &#8211; sucursala Pia\u021ba Roman\u0103<\/p>\n\n\n\n<p>CUI:&nbsp;&nbsp;&nbsp;&nbsp;&nbsp;&nbsp;&nbsp;&nbsp;&nbsp;&nbsp;&nbsp;&nbsp;&nbsp;&nbsp;&nbsp;18876357<\/p>\n\n\n\n<figure class=\"wp-block-image\"><img decoding=\"async\" src=\"http:\/\/simpara.ro\/pictures\/2_2013_400.jpg\" alt=\"2_2013_400\" title=\"2_2013_400\"\/><\/figure>\n\n\n\n<p><strong>&nbsp;&nbsp; 3.<\/strong>&nbsp;<strong>Direc\u021biona\u021bi 3,5% din impozitul pe venit<\/strong><\/p>\n\n\n\n<p>\u00cen func\u021bie de sursa&nbsp;dumneavoastr\u0103 de venit, completa\u021bi declara\u021bia corespunz\u0103toare:<\/p>\n\n\n\n<p>&#8211; Dac\u0103&nbsp;ave\u021bi venituri numai din salariu sau pensie, completa\u021bi declara\u021bia 230. Suma corespunz\u0103toare cuantumului de 2% din impozit va fi completat\u0103 de organele fiscale. Formularul 230, completat cu datele personale, se expedieaz\u0103 prin po\u0219t\u0103 la administra\u021bia financiar\u0103 de care apar\u021bine\u021bi sau poate fi depus direct la administra\u021bia financiar\u0103;<\/p>\n\n\n\n<p><strong><a href=\"http:\/\/simpara.ro\/2_la_suta\/230_OPANAF_2023_Asociatia%20ARA_dirijare%203,5%20impozit%20anul%202022.pdf\">Formularul 230, cu datele completate ale Asocia\u021biei ARA \u00eel pute\u021bi desc\u0103rca de aici<\/a><\/strong><\/p>\n\n\n\n<p><br>&#8211; Dac\u0103&nbsp;ave\u021bi venituri din alte surse (cedarea folosin\u021bei bunurilor, drepturi de autor etc) completa\u021bi Declara\u021bia 200.<\/p>\n\n\n\n<p><strong>Sus\u021bin\u0103torii no\u0219tri:<\/strong><\/p>\n\n\n\n<p><strong>Funda\u021bia Mihai Eminescu Trust<\/strong><\/p>\n\n\n\n<p>&#8211; suport financiar par\u021bial pentru interven\u021bia de urgen\u021b\u0103 la oficiul parohial reformat Ro\u0219ia Montan\u0103 &#8211; 2007<\/p>\n\n\n\n<p><strong>Nicoleta P\u0103dure<br><\/strong>&#8211; dona\u021bie pentru finan\u021barea integral\u0103 a Taberei de arheologie experimental\u0103 Covasna II &#8211; 2008<\/p>\n\n\n\n<p><strong>Asocia\u021bia RPER &#8211; Rencontres du Patrimoine Europe &#8211; Roumanie<\/strong><\/p>\n\n\n\n<p>&#8211; dona\u021bie pentru finan\u021barea par\u021bial\u0103 a interven\u021biilor de urgen\u021b\u0103 la oficiile parohiale reformat \u0219i unitarian Ro\u0219ia Montan\u0103 &#8211; 2009<\/p>\n\n\n\n<p><strong>Ordinul Arhitec\u021bilor din Rom\u00e2nia<\/strong><\/p>\n\n\n\n<p>&#8211; sprijin financiar prin Timbrul Arhitecturii (90%) pentru proiectul editorial \u201eDinu Antonescu, Arhitectura de pe friza sculptat\u0103&#8221; &#8211; 2009<\/p>\n\n\n\n<p>&#8211; sprijin financiar prin Timbrul Arhitecturii (90%) pentru proiectul editorial \u201eDan Mohanu, Arheologia picturilor murale de la Biserica Sf. Nicolae Domnesc din Curtea de Arge\u0219&#8221; &#8211; 2009<br>&#8211; sprijin financiar prin Timbrul Arhitecturii (90%) pentru proiectul cultural \u201eSimpozionul Arhitectur\u0103. Restaurare. Arheologie&#8221; &#8211;&nbsp;a|r|a 10 &#8211; 2009<\/p>\n\n\n\n<p>&#8211; sprijin financiar prin Timbrul Arhitecturii (90%) pentru proiectul cultural \u201eSimpozionul Arhitectur\u0103. Restaurare. Arheologie&#8221; &#8211;&nbsp;a|r|a 11 &#8211; 2010<\/p>\n\n\n\n<p>&#8211; sprijin financiar prin Timbrul Arhitecturii (90%) pentru proiectul cultural \u201eRo\u0219ia Montan\u0103: documentarea patrimoniului cultural&#8221; &#8211; 2009<\/p>\n\n\n\n<p>&#8211; sprijin financiar prin Timbrul Arhitecturii (90%) pentru proiectul cultural \u201eRo\u0219ia Montan\u0103: resurse tradi\u021bionale locale pentru protejarea patrimoniului arhitectural (\u0219coal\u0103 de var\u0103)&#8221; &#8211; 2010<\/p>\n\n\n\n<p>&#8211; sprijin financiar prin Timbrul Arhitecturii (50%) pentru proiectul cultural \u201e\u0218coala de var\u0103 ARA&nbsp;(edi\u021bia a 5-a), 1-15 septembrie 2011: Ro\u0219ia Montan\u0103 &#8211; resurse tradi\u021bionale locale pentru protejarea patrimoniului arhitectural&#8221;- 2011<\/p>\n\n\n\n<p>&#8211; sprijin financiar prin Timbrul Arhitecturii (90%) pentru proiectul editorial &#8222;Caiete ARA, nr. 4, 2013&#8221; &#8211; 2012<\/p>\n\n\n\n<p>&#8211; sprijin financiar prin Timbrul Arhitecturii (90%) pentru proiectul editorial &#8222;Caiete ARA, nr. 5, 2014&#8221; &#8211; 2013<\/p>\n\n\n\n<p>&#8211; sprijin financiar prin Timbrul Arhitecturii (90%) pentru proiectul editorial &#8222;Caiete ARA, nr. 6, 2015&#8221; &#8211; 2014<\/p>\n\n\n\n<p>&#8211; sprijin financiar prin Timbrul Arhitecturii (90%) pentru proiectul editorial &#8222;Caiete ARA, nr. 7, 2016&#8221; &#8211; 2015<\/p>\n\n\n\n<p>&#8211; sprijin financiar prin Timbrul Arhitecturii (90%) pentru proiectul editorial &#8222;Caiete ARA, nr. 8, 2017&#8221; &#8211; 2016<\/p>\n\n\n\n<p>&#8211; sprijin financiar prin Timbrul Arhitecturii (90%) pentru proiectul editorial &#8222;Caiete ARA, nr. 9, 2018&#8221; &#8211; 2017<\/p>\n\n\n\n<p>&#8211; sprijin financiar prin Timbrul Arhitecturii (24%) pentru proiectul cultural \u201eAdopt\u0103 o Cas\u0103 la Ro\u0219ia Montan\u0103 &#8211; campania 2015&#8243;- 2015&nbsp;<\/p>\n\n\n\n<p>&#8211; sprijin financiar prin Timbrul Arhitecturii (22%) pentru proiectul cultural \u201eAdopt\u0103 o Cas\u0103 la Ro\u0219ia Montan\u0103 &#8211; campania 2016&#8243;- 2016<\/p>\n\n\n\n<p><strong>Uniunea&nbsp;Arhitec\u021bilor din Rom\u00e2nia<\/strong><\/p>\n\n\n\n<p>&#8211; sprijin financiar prin Timbrul Arhitecturii (90%) pentru proiectul cultural \u201eT\u00e2rg de me\u0219te\u0219uguri \u0219i materiale ale arhitecturii tradi\u021bionale &#8211; Ro\u0219ia Montan\u0103&#8221; &#8211; 2010<\/p>\n\n\n\n<p>&#8211; sprijin financiar prin Timbrul Arhitecturii pentru proiectul cultural \u201eAdopt\u0103 o Cas\u0103 la Ro\u0219ia Montan\u0103&#8221; (parteneriat cu Asocia\u021bia Alburnus Maior) &#8211; 2012<\/p>\n\n\n\n<p>&#8211; sprijin financiar prin Timbrul Arhitecturii (90%) pentru proiectul cultural \u201eDocumentarea patrimoniului arhitectural \u0219i peisagistic de la Ro\u0219ia Montan\u0103&#8221; &#8211; 2013<\/p>\n\n\n\n<p>&#8211; sprijin financiar prin Timbrul Arhitecturii (31%) pentru proiectul cultural \u201eAdopt\u0103 o Cas\u0103 la Ro\u0219ia Montan\u0103 &#8211; campania 2015&#8243;- 2015<\/p>\n\n\n\n<p><strong>Administra\u021bia Fondului Cultural Na\u021bional<\/strong><\/p>\n\n\n\n<p>&#8211; sprijin financiar pentru proiectul cultural \u201eAdopt\u0103 o Cas\u0103 la Ro\u0219ia Montan\u0103 &#8211; campania 2013&#8243; (parteneriat cu Asocia\u021bia Alburnus Maior) &#8211; 2013<\/p>\n\n\n\n<p>&#8211; sprijin financiar pentru proiectul cultural \u201eAdopt\u0103 o Cas\u0103 la Ro\u0219ia Montan\u0103 &#8211; campania 2016&#8243; (parteneriat cu Asocia\u021bia Alburnus Maior) &#8211; 2016<\/p>\n\n\n\n<p>&#8211; sprijin financiar (80%) pentru proiectul cultural \u201eAdopt\u0103 o Cas\u0103 la Ro\u0219ia Montan\u0103 &#8211; campania 2017&#8243; &#8211; 2017<\/p>\n\n\n\n<p><strong>\u0218erban Cantacuzino<\/strong><\/p>\n\n\n\n<p>&#8211; dona\u021bie pentru sprijinirea lucr\u0103rilor de restaurare desf\u0103\u0219urate de Asocia\u021bia ARA la Ro\u0219ia Montan\u0103 (Biserica Unitarian\u0103, Casa nr. 399) &#8211; 2011<\/p>\n\n\n\n<p><strong>S.C. Cella Cosimex S.R.L.<\/strong><\/p>\n\n\n\n<p>&#8211; dona\u021bie pentru sprijinirea lucr\u0103rilor de restaurare desf\u0103\u0219urate \u00een cadrul programului \u201eAdopt\u0103 o Cas\u0103 la Ro\u0219ia Montan\u0103&#8221; &#8211; 2013<\/p>\n\n\n\n<p>&#8211; participare pro-bono cu me\u0219teri \u0219i materiale de construc\u021bii pentru realizarea lucr\u0103rilor la Casa Parohial\u0103 Unitarian\u0103 (scar\u0103, repara\u021bii ziduri din b\u00e2rne, pardoseal\u0103 din c\u0103r\u0103mid\u0103) \u0219i Biserica Unitarian\u0103 (lucr\u0103ri de consolidare \u00een regim de urgen\u021b\u0103 a porticului) &#8211; 2017<\/p>\n\n\n\n<p><strong>Funda\u021bia C\u0103rture\u0219ti<\/strong><\/p>\n\n\n\n<p>&#8211; sponsorizare pentru evenimentul Zilele Patrimoniului la Ro\u0219ia Montan\u0103 &#8211; 2017<\/p>\n\n\n\n<p><strong>S.C. ROMSTAL IMEX S.R.L<\/strong>&nbsp;<\/p>\n\n\n\n<p>&#8211; sponsorizare activit\u0103\u021bi din cadrul Programului \u201eAdopt\u0103 o Cas\u0103 la Ro\u0219ia Montan\u0103\u201d (obiecte sanitare) &#8211; 2017<\/p>\n","protected":false},"excerpt":{"rendered":"<p>1.&nbsp;Dona\u021bi periodic sau ocazional o sum\u0103 de bani pentru o ac\u021biune sau program al asocia\u021biei:&#8211; prin mandat po\u0219tal completat cu datele asocia\u021biei ARA, cu men\u021biunea dona\u021bie;&#8211; depun\u00e2nd \u00een contul asocia\u021biei suma pe care dori\u021bi&#46;&#46;&#46;<\/p>\n","protected":false},"author":1,"featured_media":0,"parent":0,"menu_order":0,"comment_status":"closed","ping_status":"closed","template":"","meta":{"footnotes":""},"class_list":["post-329","page","type-page","status-publish","hentry"],"_links":{"self":[{"href":"https:\/\/simpara.ro\/index.php?rest_route=\/wp\/v2\/pages\/329","targetHints":{"allow":["GET"]}}],"collection":[{"href":"https:\/\/simpara.ro\/index.php?rest_route=\/wp\/v2\/pages"}],"about":[{"href":"https:\/\/simpara.ro\/index.php?rest_route=\/wp\/v2\/types\/page"}],"author":[{"embeddable":true,"href":"https:\/\/simpara.ro\/index.php?rest_route=\/wp\/v2\/users\/1"}],"replies":[{"embeddable":true,"href":"https:\/\/simpara.ro\/index.php?rest_route=%2Fwp%2Fv2%2Fcomments&post=329"}],"version-history":[{"count":1,"href":"https:\/\/simpara.ro\/index.php?rest_route=\/wp\/v2\/pages\/329\/revisions"}],"predecessor-version":[{"id":330,"href":"https:\/\/simpara.ro\/index.php?rest_route=\/wp\/v2\/pages\/329\/revisions\/330"}],"wp:attachment":[{"href":"https:\/\/simpara.ro\/index.php?rest_route=%2Fwp%2Fv2%2Fmedia&parent=329"}],"curies":[{"name":"wp","href":"https:\/\/api.w.org\/{rel}","templated":true}]}}