{"id":333,"date":"2023-09-17T12:09:08","date_gmt":"2023-09-17T12:09:08","guid":{"rendered":"https:\/\/nou.simpara.ro\/?page_id=333"},"modified":"2023-11-15T18:01:37","modified_gmt":"2023-11-15T18:01:37","slug":"despre-ara","status":"publish","type":"page","link":"https:\/\/simpara.ro\/?page_id=333","title":{"rendered":"despre a|r|a"},"content":{"rendered":"\n<p><strong><a href=\"https:\/\/nou.simpara.ro\/ro\/membri-2\/\" data-type=\"link\" data-id=\"https:\/\/nou.simpara.ro\/ro\/membri-2\/\">Membri&nbsp;&nbsp;<\/a><\/strong><br><br><a href=\"https:\/\/nou.simpara.ro\/wp-content\/uploads\/2023\/09\/formular_de_adeziune.pdf\"><strong>Formular de adeziune<\/strong><\/a>&nbsp;&nbsp;<\/p>\n\n\n\n<p><a href=\"https:\/\/nou.simpara.ro\/ro\/cotizatia-de-membru\/\"><strong>Cotiza\u0163ia de membru<\/strong><\/a>&nbsp;&nbsp;<\/p>\n\n\n\n<p><strong><a href=\"https:\/\/nou.simpara.ro\/ro\/modul-de-dobandire-pierdere-a-calitatii-de-membru\/\">Modul de dob\u00e2ndire \/ pierdere a calit\u0103\u0163ii de membru<\/a><\/strong>&nbsp;&nbsp;<\/p>\n\n\n\n<p><strong><a href=\"\/4801-2\/\">Conducerea \u015fi administrarea<\/a><\/strong><\/p>\n\n\n\n<p><font style=\"vertical-align: inherit;\"><font style=\"vertical-align: inherit;\">The ARA Association does not propose to do &#8222;everything possible&#8221; to save historical monuments. It <\/font><\/font><br><font style=\"vertical-align: inherit;\"><font style=\"vertical-align: inherit;\">does not propose to monitor the condition of all historical monuments, nor to protect or restore them. It does not propose to educate the population of the entire country about the immense benefits they generate a memory intelligently activated to recognize the traces of its steps through history. <\/font><\/font><br><em><font style=\"vertical-align: inherit;\"><font style=\"vertical-align: inherit;\">The ARA association was founded because its founding members believe that the road to the state of ruin of some historical monuments and the disappearance of those whose existence is the very ruin must not become signs of of our presence in contemporaneity.<\/font><\/font><\/em><br><font style=\"vertical-align: inherit;\"><font style=\"vertical-align: inherit;\"> The ARA Association aims to do a little of all this, as much as its members are able.<\/font><\/font><\/p>\n\n\n\n<p><strong>Scopuri:<br><\/strong>Protejarea, conservarea \u015fi punerea \u00een valoare a patrimoniului cultural;<br>Promovarea patrimoniului cultural, at\u00e2t \u00een cercurile de specialitate c\u00e2t \u015fi \u00een r\u00e2ndul publicului de orice fel;<br>Educarea publicului \u00een privin\u0163a importan\u0163ei \u015fi rolului social al patrimoniului cultural.<\/p>\n\n\n\n<p><strong>O<\/strong><strong>biect de activitate:<br><\/strong>Orice fel de lucr\u0103ri de planificare, proiectare \u015fi execu\u0163ie care servesc scopurilor asocia\u0163iei;<br>Organizarea de conferin\u0163e, simpozioane, seminarii, expozi\u0163ii, concursuri, stagii, tabere &#8211; \u00een general, toate genurile de activit\u0103\u0163i \u015fi manifest\u0103ri care ajut\u0103 la promovarea patrimoniului \u015fi la \u00eendeplinirea scopurilor asocia\u0163iei;<br>\u00cenfiin\u0163area unor centre de informare, documentare, cercetare; biblioteci; libr\u0103rii etc.;<br>Organizarea unor activit\u0103\u0163i specifice de editare, tip\u0103rire de c\u0103r\u0163i, albume, diverse publica\u0163ii, \u00eenregistr\u0103ri pe band\u0103 magnetic\u0103, audio, video, CD-ROM, traduceri, situri Internet, etc.;<br>Acordarea de premii \u015fi burse studen\u0163ilor, \u015fi speciali\u015ftilor din diverse domenii implica\u0163i \u00een activitatea care face obiectul specific Asocia\u0163iei.<\/p>\n\n\n\n<p>(Extras din Statutul Asocia\u0163iei \u201eArhitectur\u0103. Restaurare. Arheologie&#8221;, art. 4)<\/p>\n","protected":false},"excerpt":{"rendered":"<p>Membri&nbsp;&nbsp; Formular de adeziune&nbsp;&nbsp; Cotiza\u0163ia de membru&nbsp;&nbsp; Modul de dob\u00e2ndire \/ pierdere a calit\u0103\u0163ii de membru&nbsp;&nbsp; Conducerea \u015fi administrarea The ARA Association does not propose to do &#8222;everything possible&#8221; to save historical monuments. It&#46;&#46;&#46;<\/p>\n","protected":false},"author":1,"featured_media":0,"parent":0,"menu_order":0,"comment_status":"closed","ping_status":"closed","template":"","meta":{"footnotes":""},"class_list":["post-333","page","type-page","status-publish","hentry"],"_links":{"self":[{"href":"https:\/\/simpara.ro\/index.php?rest_route=\/wp\/v2\/pages\/333","targetHints":{"allow":["GET"]}}],"collection":[{"href":"https:\/\/simpara.ro\/index.php?rest_route=\/wp\/v2\/pages"}],"about":[{"href":"https:\/\/simpara.ro\/index.php?rest_route=\/wp\/v2\/types\/page"}],"author":[{"embeddable":true,"href":"https:\/\/simpara.ro\/index.php?rest_route=\/wp\/v2\/users\/1"}],"replies":[{"embeddable":true,"href":"https:\/\/simpara.ro\/index.php?rest_route=%2Fwp%2Fv2%2Fcomments&post=333"}],"version-history":[{"count":9,"href":"https:\/\/simpara.ro\/index.php?rest_route=\/wp\/v2\/pages\/333\/revisions"}],"predecessor-version":[{"id":4803,"href":"https:\/\/simpara.ro\/index.php?rest_route=\/wp\/v2\/pages\/333\/revisions\/4803"}],"wp:attachment":[{"href":"https:\/\/simpara.ro\/index.php?rest_route=%2Fwp%2Fv2%2Fmedia&parent=333"}],"curies":[{"name":"wp","href":"https:\/\/api.w.org\/{rel}","templated":true}]}}