{"id":36,"date":"2023-09-15T11:22:50","date_gmt":"2023-09-15T11:22:50","guid":{"rendered":"https:\/\/nou.simpara.ro\/?page_id=36"},"modified":"2023-11-10T07:11:04","modified_gmt":"2023-11-10T07:11:04","slug":"ara-reports","status":"publish","type":"page","link":"https:\/\/simpara.ro\/?page_id=36&lang=en","title":{"rendered":"ARA Reports"},"content":{"rendered":"\t\t<div data-elementor-type=\"wp-page\" data-elementor-id=\"36\" class=\"elementor elementor-36\">\n\t\t\t\t\t\t\t<div class=\"elementor-element elementor-element-5a7e1abb e-flex e-con-boxed e-con e-parent\" data-id=\"5a7e1abb\" data-element_type=\"container\" data-settings=\"{&quot;content_width&quot;:&quot;boxed&quot;}\" data-core-v316-plus=\"true\">\n\t\t\t\t\t<div class=\"e-con-inner\">\n\t\t\t\t<div class=\"elementor-element elementor-element-2f5446db elementor-widget elementor-widget-text-editor\" data-id=\"2f5446db\" data-element_type=\"widget\" data-widget_type=\"text-editor.default\">\n\t\t\t\t<div class=\"elementor-widget-container\">\n\t\t\t<style>\/*! elementor - v3.17.0 - 08-11-2023 *\/\n.elementor-widget-text-editor.elementor-drop-cap-view-stacked .elementor-drop-cap{background-color:#69727d;color:#fff}.elementor-widget-text-editor.elementor-drop-cap-view-framed .elementor-drop-cap{color:#69727d;border:3px solid;background-color:transparent}.elementor-widget-text-editor:not(.elementor-drop-cap-view-default) .elementor-drop-cap{margin-top:8px}.elementor-widget-text-editor:not(.elementor-drop-cap-view-default) .elementor-drop-cap-letter{width:1em;height:1em}.elementor-widget-text-editor .elementor-drop-cap{float:left;text-align:center;line-height:1;font-size:50px}.elementor-widget-text-editor .elementor-drop-cap-letter{display:inline-block}<\/style>\t\t\t\t<!-- wp:html -->\n<div id=\"right\">\n<h1>\u00a0<\/h1>\n<div id=\"fb-root\" class=\" fb_reset\">\n<div style=\"position: absolute; top: -10000px; width: 0px; height: 0px;\">\n<div>\u00a0<\/div>\n<\/div>\n<\/div>\n<script>(function(d, s, id) {\n        var js, fjs = d.getElementsByTagName(s)[0];\n        if (d.getElementById(id)) {return;}\n        js = d.createElement(s); js.id = id;\n        js.src = \"\/\/connect.facebook.net\/en_US\/all.js#xfbml=1\";\n        fjs.parentNode.insertBefore(js, fjs);\n      }(document, 'script', 'facebook-jssdk'));<\/script>\n<div class=\"fb-like fb_iframe_widget\" style=\"float: right;\" data-send=\"true\" data-width=\"320\" data-show-faces=\"false\"><span style=\"vertical-align: bottom; width: 320px; height: 20px;\"><iframe loading=\"lazy\" class=\"\" style=\"border: none; visibility: visible; width: 320px; height: 20px;\" title=\"fb:like Facebook Social Plugin\" src=\"https:\/\/www.facebook.com\/plugins\/like.php?app_id=&amp;channel=https%3A%2F%2Fstaticxx.facebook.com%2Fx%2Fconnect%2Fxd_arbiter%2F%3Fversion%3D46%23cb%3Df140b7e942605c%26domain%3Dsimpara.ro%26is_canvas%3Dfalse%26origin%3Dhttp%253A%252F%252Fsimpara.ro%252Ff84bc3f705c39%26relation%3Dparent.parent&amp;container_width=0&amp;href=http%3A%2F%2Fsimpara.ro%2FGB%2Fpublishing-projects-116.htm&amp;locale=en_US&amp;sdk=joey&amp;send=true&amp;show_faces=false&amp;width=320\" name=\"f21f237c755f1e\" width=\"320px\" height=\"1000px\" frameborder=\"0\" scrolling=\"no\" allowfullscreen=\"allowfullscreen\" data-testid=\"fb:like Facebook Social Plugin\"><\/iframe><\/span><\/div>\n<div class=\"content\"><br \/>\n<div style=\"text-align: right;\">\n<table border=\"0\" width=\"740\" align=\"left\">\n<tbody>\n<tr>\n<td>\n<p>\u00a0<\/p>\n<\/td>\n<td>\u00a0<\/td>\n<td style=\"width: 50px;\">\u00a0\u00a0\u00a0\u00a0\u00a0\u00a0\u00a0<\/td>\n<td style=\"width: 500px;\">\u00a0 \u00a0 \u00a0 \u00a0 \u00a0 \u00a0 \u00a0 \u00a0 \u00a0 \u00a0 \u00a0 \u00a0 \u00a0 \u00a0 \u00a0\u00a0\u00a0\u00a0\n<div align=\"right\"><strong><a href=\"\/editorial-guidelines-2\/\"><span style=\"font-size: small;\">Editorial guidelines<\/span><\/a> <\/strong><\/div>\n<div style=\"text-align: right;\"><a href=\"https:\/\/nou.simpara.ro\/wp-content\/uploads\/2023\/09\/Peer_review_process_final.pdf\"><strong><span style=\"font-size: small;\">Peer Review Process<\/span><\/strong><\/a><\/div>\n<div style=\"text-align: right;\"><a href=\"\/caiete_ara\/Peer_review_form_Caiete_Ara.pdf\"><strong><span style=\"font-size: small;\">Peer Review Form<\/span><\/strong><\/a><\/div>\n<div style=\"text-align: right;\"><a href=\"\/caiete_ara\/Publication_Ethics_and_Publication_Ma\"><strong><span style=\"font-size: small;\">Publication Ethics and Publication Malpractice Statement<\/span><\/strong><\/a><\/div>\n<div style=\"text-align: right;\"><a href=\"https:\/\/nou.simpara.ro\/wp-content\/uploads\/2023\/09\/Publishing_agreement_ARA_021112016.pdf\"><strong><span style=\"font-size: small;\">ARA Standard Publishing Agreement<\/span><\/strong><\/a><\/div>\n<div style=\"text-align: right;\"><a href=\"\/distribution\/\"><span style=\"font-size: small;\"><strong>Distribution<\/strong><\/span><\/a><\/div>\n<\/td>\n<\/tr>\n<tr align=\"right\">\n<td align=\"right\"><img loading=\"lazy\" decoding=\"async\" title=\"coperta_caiete_14_400\" src=\"\/pictures\/coperta_caiete_14_400.png\" alt=\"coperta_caiete_14_400\" width=\"82\" height=\"103\" \/><\/td>\n<td><span style=\"font-size: small;\"><a href=\"\/ara-reports-14\/\">ARA Reports &#8211; 14<\/a> <\/span>,\n<p>Bucharest, 2023<\/p>\n<p><strong>April 22nd, 2023<\/strong><\/p>\n<\/td>\n<td>\u00a0<\/td>\n<td>\n<p align=\"right\">\u00a0 \u00a0 \u00a0\u00a0 ARA Reports is included in the <strong><a href=\"https:\/\/dbh.nsd.uib.no\/publiseringskanaler\/erihplus\/periodical\/info?id=489421\"><em>Erih Plus<\/em><\/a><\/strong> and <strong><em><a href=\"https:\/\/www.ceeol.com\/search\/journal-detail?id=1739\">CEEOL<\/a><\/em><\/strong> databases.<\/p>\n<p>\u00a0<\/p>\n<\/td>\n<\/tr>\n<tr>\n<td>\u00a0<img loading=\"lazy\" decoding=\"async\" title=\"coperta_caiete_13_400\" src=\"\/pictures\/coperta_caiete_13_400.png\" alt=\"coperta_caiete_13_400\" width=\"82\" height=\"103\" \/><\/td>\n<td><span style=\"font-size: small;\"><a href=\"\/1565-2\/\">ARA Reports &#8211; 13<\/a>,<\/span>\n<p><span style=\"font-size: small;\">Bucharest, 2022<\/span><\/p>\n<p><strong>Octobre 31st, 2022<\/strong><\/p>\n<\/td>\n<td>\u00a0<\/td>\n<td rowspan=\"7\">\u00a0\n<p align=\"justify\">ARA Reports [Caiete ARA] is an annual scientific publication addressed to researcher in the fields of archaeology, architectural history, and art history, as well as to professionals concerned with salvage, protection and enhancement of historic and artistic heritage. The journal reflects aspects of excellence in research related to historic monuments, from archaeological sites and monuments to contemporary architectural heritage. The history of architecture, regarded as <em>Ars edificandi<\/em>, appears integrated in a modern vision according to which an extensive research bringing together the results of architectural, archaeological, art historical research, and not least conservation is required for an appropriate management of historic sites, their understanding, and implicitly, their protection and enhancement.<\/p>\n<p align=\"justify\">The journal ARA Reports succeeded in becoming a positively appreciated presence within the international academic societies. Samples of the previous published issues have been distributed to the <a href=\"\/distributie-caiete-ara-576.htm\">libraries<\/a> of important European research institutes and universities.\u00a0\u00a0<\/p>\n<p align=\"justify\">\u00a0<\/p>\n<p align=\"justify\"><strong>Editor<\/strong><\/p>\n<p align=\"justify\">Dr. Monica M\u0102RGINEANU C\u00c2RSTOIU (Senior researcher, &#8222;Vasile P\u00e2rvan&#8221; Institute of Archaeology, Bucharest)<\/p>\n<p align=\"justify\">\u00a0<\/p>\n<p align=\"justify\"><strong>Editorial Board<\/strong> <br \/>Dr. Maria ALEXANDRESCU-VIANU (Senior researcher, &#8222;Vasile P\u00e2rvan&#8221; Institute of Archaeology, Bucharest)Dr. Alla BUJSKIKH (Institute of Archaeology, National Academy of Sciences of Ukraine)<br \/>Dr. Pierre DUPONT (Senior researcher, Lyon)<\/p>\n<p align=\"justify\">Dr. Vasiliki ELEFTHERIOU (Director Acropolis Restoration Service, Atena)<\/p>\n<p align=\"justify\">Dr. Wolfram HOEPFNER (Professor, Freie Universit\u00e4t Berlin)<br \/>Dr. Dan MOHANU (Professor, Conservation &#8211; Restoration Department, National University of Arts, Bucharest)<br \/>Dr. Corina POPA (Professor, Art History and Theory Department, National University of Arts, Bucharest)<br \/>Dr. Frank RUMSCHEID (Professor of Classical Archaeology, Bonn University, Bonn)\u00a0<\/p>\n<p align=\"justify\">\u00a0<\/p>\n<p><strong>Editorial committee<\/strong><\/p>\n<p>Dr. Virgil APOSTOL, Dr. Leti\u021bia COSNEAN NISTOR, Dr. Mariana Cristina POPESCU, Elena R\u0102DOI, Andreea C\u00c2RSTOIU, Ileana L\u0102Z\u0102RESCU, Dr. Florian MATEI-POPESCU, Dr. Natalia TOMA, Dr. Iulian B\u00ceRZESCU, Dr. Adriana PANAITE.<\/p>\n<p>\u00a0<\/p>\n<p align=\"justify\">\u00a0<\/p>\n<\/td>\n<\/tr>\n<tr align=\"left\" valign=\"top\">\n<td>\u00a0<a href=\"\/GB\/Ara-Reports-12-625.htm\"><img loading=\"lazy\" decoding=\"async\" title=\"coperta_caiete_12_400\" src=\"\/pictures\/coperta_caiete_12_400.png\" alt=\"coperta_caiete_12_400\" width=\"82\" height=\"103\" align=\"left\" \/><\/a><\/td>\n<td><span style=\"font-size: small;\"><a href=\"\/ara-reports-12\/\">ARA Reports &#8211; 12<\/a>,<\/span>\n<p><span style=\"font-size: small;\">Bucharest, 2021<\/span><\/p>\n<p><span style=\"font-size: xx-small;\"><strong>Iuly 31st, 2021<\/strong><\/span><\/p>\n<\/td>\n<td rowspan=\"6\">\u00a0<\/td>\n<\/tr>\n<tr>\n<td>\u00a0<a href=\"\/GB\/ARA-Reports-11-619.htm\"><img loading=\"lazy\" decoding=\"async\" title=\"coperta_caiete_11_400\" src=\"\/pictures\/coperta_caiete_11_400.jpg\" alt=\"coperta_caiete_11_400\" width=\"82\" height=\"103\" align=\"left\" \/><\/a><\/td>\n<td><span style=\"font-size: small;\"><a href=\"\/ara-reports-11\/\">ARA Reports &#8211; 11<\/a>,<\/span>\n<p><span style=\"font-size: small;\">Bucharest, 2020<\/span><\/p>\n<p><span style=\"font-size: xx-small;\"><strong>October 14th, 2020<\/strong><\/span><\/p>\n<\/td>\n<\/tr>\n<tr>\n<td>\u00a0<a href=\"\/GB\/ara_reports_10_2019-605.htm\"><img loading=\"lazy\" decoding=\"async\" title=\"10_400\" src=\"\/pictures\/10_400.jpg\" alt=\"10_400\" width=\"82\" height=\"103\" align=\"left\" \/><\/a><\/td>\n<td><span style=\"font-size: small;\"><a href=\"\/ara-reports-10\/\">ARA Reports &#8211; 10<\/a>,<\/span>\n<p><span style=\"font-size: small;\">Bucharest, 2019<\/span><\/p>\n<p><span style=\"font-size: xx-small;\"><strong>May 11th, 2019<\/strong><\/span><\/p>\n<\/td>\n<\/tr>\n<tr>\n<td>\u00a0<a href=\"\/GB\/ara_reports_9_2018-599.htm\"><img loading=\"lazy\" decoding=\"async\" title=\"coperta_caiete_9_400\" src=\"\/pictures\/coperta_caiete_9_400.jpg\" alt=\"coperta_caiete_9_400\" width=\"82\" height=\"103\" align=\"left\" \/><\/a><\/td>\n<td><span style=\"font-size: small;\"><a href=\"\/ara-reports-9\/\">ARA Reports &#8211; 9<\/a>,<\/span>\n<p><span style=\"font-size: small;\">Bucharest, 2018<\/span><\/p>\n<p><span style=\"font-size: xx-small;\"><strong>April 21st, 2018<\/strong><\/span><\/p>\n<\/td>\n<\/tr>\n<tr align=\"left\" valign=\"top\">\n<td>\u00a0<a href=\"\/GB\/ara_reports_8-596.htm\"><img loading=\"lazy\" decoding=\"async\" title=\"coperta_caiete_8_400\" src=\"\/pictures\/coperta_caiete_8_400.jpg\" alt=\"coperta_caiete_8_400\" width=\"82\" height=\"103\" align=\"left\" \/><\/a><\/td>\n<td><span style=\"font-size: small;\"><a href=\"\/ara-report-8\/\">ARA Reports &#8211; 8<\/a>,<\/span>\n<p><span style=\"font-size: small;\">Bucharest, 2017<\/span><\/p>\n<p><span style=\"font-size: xx-small;\"><strong>April 22nd, 2017<\/strong><\/span><\/p>\n<\/td>\n<\/tr>\n<tr>\n<td style=\"width: 100px;\" align=\"left\">\u00a0<a href=\"\/GB\/ara-reports-7-588.htm\"><img loading=\"lazy\" decoding=\"async\" title=\"coperta_400_07\" src=\"\/pictures\/coperta_400_07.jpg\" alt=\"coperta_400_07\" width=\"82\" height=\"103\" align=\"top\" \/><\/a>\n<p>\u00a0<\/p>\n<p>\u00a0<a href=\"\/GB\/ara-reports-6-584.htm\"><img loading=\"lazy\" decoding=\"async\" title=\"coperta_400_05\" src=\"\/pictures\/coperta_400_05.jpg\" alt=\"coperta_400_05\" width=\"82\" height=\"103\" align=\"left\" \/><\/a><\/p>\n<p>\u00a0<\/p>\n<p>\u00a0<\/p>\n<p>\u00a0<\/p>\n<p>\u00a0<\/p>\n<p>\u00a0<\/p>\n<p><a href=\"\/GB\/ara-reports-5-572.htm\"><img loading=\"lazy\" decoding=\"async\" title=\"coperta_ara_5_400\" src=\"\/pictures\/coperta_ara_5_400.jpg\" alt=\"coperta_ara_5_400\" width=\"82\" height=\"103\" \/><\/a><\/p>\n<p>\u00a0<\/p>\n<p><a href=\"\/caiete-ara-4-550.htm\"><img loading=\"lazy\" decoding=\"async\" title=\"coperta_4._400\" src=\"\/pictures\/coperta_4._400.jpg\" alt=\"coperta_4._400\" width=\"82\" height=\"103\" \/><\/a><\/p>\n<p>\u00a0<\/p>\n<p>\u00a0<\/p>\n<p>\u00a0<\/p>\n<p>\u00a0<a href=\"\/GB\/ara-reports-3-382.htm\"><img loading=\"lazy\" decoding=\"async\" style=\"width: 82px; height: 116px;\" title=\"coperta_3_400\" src=\"\/pictures\/coperta_3_400.jpg\" alt=\"coperta_3_400\" width=\"82\" height=\"103\" align=\"left\" \/><\/a><\/p>\n<p>\u00a0<\/p>\n<p>\u00a0<a href=\"\/GB\/ARA-Reports-2-222.htm\"><img loading=\"lazy\" decoding=\"async\" style=\"width: 82px; height: 116px;\" title=\"ca_2\" src=\"\/pictures\/ca_2.jpg\" alt=\"ca_2\" width=\"82\" height=\"103\" align=\"left\" \/><\/a><\/p>\n<p>\u00a0<\/p>\n<p>\u00a0<a href=\"\/GB\/Caiete-ARA-1-170.htm\"><img loading=\"lazy\" decoding=\"async\" title=\"ca1\" src=\"\/pictures\/ca1.jpg\" alt=\"ca1\" width=\"82\" height=\"103\" align=\"left\" \/><\/a><\/p>\n<\/td>\n<td style=\"width: 100px;\">\n<p><span style=\"font-size: small;\"><a href=\"\/ara-report-7\/\">ARA Reports &#8211; 7<\/a>,<\/span><\/p>\n<p><span style=\"font-size: small;\">Bucharest, 2016 <\/span><\/p>\n<p><span style=\"font-size: xx-small;\"><strong>April 23rd, 2016<\/strong><\/span><\/p>\n<p>\u00a0<\/p>\n<p>\u00a0<\/p>\n<p><span style=\"font-size: small;\"><a href=\"\/ara-report-6\/\">ARA Reports &#8211; 6<\/a>,<\/span><\/p>\n<p><span style=\"font-size: small;\">Bucharest, 2015<\/span><\/p>\n<p><span style=\"font-size: xx-small;\"><strong>April 25th, 2015<\/strong><\/span><\/p>\n<p>\u00a0<\/p>\n<p>\u00a0<\/p>\n<p><span style=\"font-size: small;\"><a href=\"\/ara-report-5\/\">ARA Reports &#8211; 5<\/a>,<\/span><\/p>\n<p><span style=\"font-size: small;\">Bucharest, 2014<\/span><\/p>\n<p><span style=\"font-size: xx-small;\"><strong>April 26th, 2014<\/strong><\/span><\/p>\n<p>\u00a0<\/p>\n<p>\u00a0<\/p>\n<p><span style=\"font-size: small;\"><a href=\"\/ara-report-4\/\">ARA Reports &#8211; 4<\/a>,<\/span><\/p>\n<p><span style=\"font-size: small;\">Bucharest, 2013<\/span><\/p>\n<p><span style=\"font-size: xx-small;\"><strong>April 20th, 2013<\/strong><\/span><\/p>\n<p>\u00a0<\/p>\n<p>\u00a0<\/p>\n<p><span style=\"font-size: small;\"><a href=\"\/1696-2\/\">ARA Reports &#8211; 3<\/a>,<\/span><\/p>\n<p><span style=\"font-size: small;\">Bucharest, 2012 <\/span><\/p>\n<p><span style=\"font-size: xx-small;\"><strong>April 21st, 2012<\/strong><\/span><\/p>\n<p>\u00a0<\/p>\n<p>\u00a0<\/p>\n<p>\u00a0<\/p>\n<p><span style=\"font-size: small;\"><a href=\"\/1705-2\/\">ARA Reports &#8211; 2<\/a>,<\/span><\/p>\n<p><span style=\"font-size: small;\">Bucharest, 2011 <\/span><\/p>\n<p><span style=\"font-size: xx-small;\"><strong>April 16th, 2011<\/strong><\/span><\/p>\n<p>\u00a0<\/p>\n<p>\u00a0<\/p>\n<p><span style=\"font-size: small;\"><a href=\"\/ara-report-1\/\">ARA Reports &#8211; 1<\/a>,<\/span><\/p>\n<p><span style=\"font-size: small;\">Bucharest, 2010 <\/span><\/p>\n<p><span style=\"font-size: xx-small;\"><strong>April 24th, 2010<\/strong><\/span><\/p>\n<\/td>\n<\/tr>\n<\/tbody>\n<\/table>\n<\/div>\n<p>\u00a0<span style=\"text-align: justify;\">\u00a0<\/span><span style=\"text-align: justify; font-size: small;\">\u00a0<\/span><\/p>\n<p>\u00a0<\/p>\n<\/div>\n<\/div>\n<!-- \/wp:html -->\t\t\t\t\t\t<\/div>\n\t\t\t\t<\/div>\n\t\t\t\t\t<\/div>\n\t\t\t\t<\/div>\n\t\t\t\t\t\t\t<\/div>\n\t\t","protected":false},"excerpt":{"rendered":"<p>\u00a0 \u00a0 \u00a0 \u00a0 \u00a0\u00a0\u00a0\u00a0\u00a0\u00a0\u00a0 \u00a0 \u00a0 \u00a0 \u00a0 \u00a0 \u00a0 \u00a0 \u00a0 \u00a0 \u00a0 \u00a0 \u00a0 \u00a0 \u00a0 \u00a0\u00a0\u00a0\u00a0 Editorial guidelines Peer Review Process Peer Review Form Publication Ethics and Publication Malpractice Statement&#46;&#46;&#46;<\/p>\n","protected":false},"author":1,"featured_media":0,"parent":0,"menu_order":0,"comment_status":"closed","ping_status":"closed","template":"","meta":{"footnotes":""},"class_list":["post-36","page","type-page","status-publish","hentry"],"_links":{"self":[{"href":"https:\/\/simpara.ro\/index.php?rest_route=\/wp\/v2\/pages\/36","targetHints":{"allow":["GET"]}}],"collection":[{"href":"https:\/\/simpara.ro\/index.php?rest_route=\/wp\/v2\/pages"}],"about":[{"href":"https:\/\/simpara.ro\/index.php?rest_route=\/wp\/v2\/types\/page"}],"author":[{"embeddable":true,"href":"https:\/\/simpara.ro\/index.php?rest_route=\/wp\/v2\/users\/1"}],"replies":[{"embeddable":true,"href":"https:\/\/simpara.ro\/index.php?rest_route=%2Fwp%2Fv2%2Fcomments&post=36"}],"version-history":[{"count":75,"href":"https:\/\/simpara.ro\/index.php?rest_route=\/wp\/v2\/pages\/36\/revisions"}],"predecessor-version":[{"id":3824,"href":"https:\/\/simpara.ro\/index.php?rest_route=\/wp\/v2\/pages\/36\/revisions\/3824"}],"wp:attachment":[{"href":"https:\/\/simpara.ro\/index.php?rest_route=%2Fwp%2Fv2%2Fmedia&parent=36"}],"curies":[{"name":"wp","href":"https:\/\/api.w.org\/{rel}","templated":true}]}}