{"id":39,"date":"2023-09-15T11:26:05","date_gmt":"2023-09-15T11:26:05","guid":{"rendered":"https:\/\/nou.simpara.ro\/?page_id=39"},"modified":"2023-11-10T06:04:19","modified_gmt":"2023-11-10T06:04:19","slug":"caiete-ara","status":"publish","type":"page","link":"https:\/\/simpara.ro\/?page_id=39","title":{"rendered":"Caiete ARA"},"content":{"rendered":"\t\t<div data-elementor-type=\"wp-page\" data-elementor-id=\"39\" class=\"elementor elementor-39\">\n\t\t\t\t\t\t\t<div class=\"elementor-element elementor-element-27e9da14 e-flex e-con-boxed e-con e-parent\" data-id=\"27e9da14\" data-element_type=\"container\" data-settings=\"{&quot;content_width&quot;:&quot;boxed&quot;}\" data-core-v316-plus=\"true\">\n\t\t\t\t\t<div class=\"e-con-inner\">\n\t\t\t\t<div class=\"elementor-element elementor-element-7c7f1fa5 elementor-widget elementor-widget-text-editor\" data-id=\"7c7f1fa5\" data-element_type=\"widget\" data-widget_type=\"text-editor.default\">\n\t\t\t\t<div class=\"elementor-widget-container\">\n\t\t\t<style>\/*! elementor - v3.17.0 - 08-11-2023 *\/\n.elementor-widget-text-editor.elementor-drop-cap-view-stacked .elementor-drop-cap{background-color:#69727d;color:#fff}.elementor-widget-text-editor.elementor-drop-cap-view-framed .elementor-drop-cap{color:#69727d;border:3px solid;background-color:transparent}.elementor-widget-text-editor:not(.elementor-drop-cap-view-default) .elementor-drop-cap{margin-top:8px}.elementor-widget-text-editor:not(.elementor-drop-cap-view-default) .elementor-drop-cap-letter{width:1em;height:1em}.elementor-widget-text-editor .elementor-drop-cap{float:left;text-align:center;line-height:1;font-size:50px}.elementor-widget-text-editor .elementor-drop-cap-letter{display:inline-block}<\/style>\t\t\t\t<!-- wp:html -->\n<div id=\"right\">\n<h1>\u00a0<\/h1>\n<div id=\"fb-root\" class=\" fb_reset\">\n<div style=\"position: absolute; top: -10000px; width: 0px; height: 0px;\">\n<div>\u00a0<\/div>\n<\/div>\n<\/div>\n<script>(function(d, s, id) {\n        var js, fjs = d.getElementsByTagName(s)[0];\n        if (d.getElementById(id)) {return;}\n        js = d.createElement(s); js.id = id;\n        js.src = \"\/\/connect.facebook.net\/en_US\/all.js#xfbml=1\";\n        fjs.parentNode.insertBefore(js, fjs);\n      }(document, 'script', 'facebook-jssdk'));<\/script>\n<div class=\"fb-like fb_iframe_widget\" style=\"float: right;\" data-send=\"true\" data-width=\"320\" data-show-faces=\"false\"><span style=\"vertical-align: bottom; width: 320px; height: 20px;\"><iframe loading=\"lazy\" class=\"\" style=\"border: none; visibility: visible; width: 320px; height: 20px;\" title=\"fb:like Facebook Social Plugin\" src=\"https:\/\/web.facebook.com\/plugins\/like.php?app_id=&amp;channel=https%3A%2F%2Fstaticxx.facebook.com%2Fx%2Fconnect%2Fxd_arbiter%2F%3Fversion%3D46%23cb%3Df1eba89d9e082d4%26domain%3Dsimpara.ro%26is_canvas%3Dfalse%26origin%3Dhttp%253A%252F%252Fsimpara.ro%252Ff23e3bd31158ccc%26relation%3Dparent.parent&amp;container_width=0&amp;href=http%3A%2F%2Fsimpara.ro%2FRO%2FRO-116.htm&amp;locale=en_US&amp;sdk=joey&amp;send=true&amp;show_faces=false&amp;width=320\" name=\"f25d629d58b964\" width=\"320px\" height=\"1000px\" frameborder=\"0\" scrolling=\"no\" allowfullscreen=\"allowfullscreen\" data-testid=\"fb:like Facebook Social Plugin\"><\/iframe><\/span><\/div>\n<div class=\"content\"><br \/>\n<div style=\"text-align: right;\">\n<table border=\"0\" width=\"740\" align=\"left\">\n<tbody>\n<tr>\n<td valign=\"top\">\n<p>&nbsp;<\/p>\n<\/td>\n<td>\u00a0<\/td>\n<td style=\"width: 50px;\">\u00a0\u00a0\u00a0\u00a0\u00a0\u00a0\u00a0 <\/td>\n<td style=\"width: 500px;\">\u00a0 \u00a0 \u00a0 \u00a0 \u00a0 \u00a0 \u00a0 \u00a0 \u00a0 \u00a0 \u00a0 \u00a0 \u00a0 \u00a0 \u00a0\u00a0\u00a0\u00a0\n<div align=\"right\"><strong><a href=\"\/norme-editoriale-caiete-ara-575.htm\"><span style=\"font-size: small;\">Norme editoriale <\/span><\/a><\/strong><\/div>\n<div style=\"text-align: right;\"><strong><a title=\"Peer Review Process\" href=\"\/caiete_ara\/Peer_review_process_final.pdf\" target=\"_blank\" rel=\"noopener\"><span style=\"font-size: small;\">Procesul de recenzare<\/span><\/a><\/strong><\/div>\n<div style=\"text-align: right;\"><strong><a title=\"Peer Review Form\" href=\"\/caiete_ara\/Peer_review_form_Caiete_Ara.pdf\" target=\"_blank\" rel=\"noopener\"><span style=\"font-size: small;\">Formular de recenzare<\/span><\/a><\/strong><\/div>\n<div style=\"text-align: right;\"><strong><a title=\"Publication Ethics and Publication Malpractice Statement\" href=\"\/caiete_ara\/Publication_Ethics_and_Publication_Malpractice_Statement.pdf\" target=\"_blank\" rel=\"noopener\"><span style=\"font-size: small;\">Declara\u021bie de etic\u0103 editorial\u0103 \u0219i malpraxis<\/span><\/a><\/strong><\/div>\n<div style=\"text-align: right;\"><strong><a title=\"ARA Standard Publishing Agreement\" href=\"\/caiete_ara\/Publishing_agreement_ARA_021112016.pdf\"><span style=\"font-size: small;\">Contractul de publicare ARA<\/span><\/a><\/strong><\/div>\n<div style=\"text-align: right;\"><span style=\"font-size: small;\"><strong><a href=\"\/distributie-caiete-ara-576.htm\">Distribu\u021bie<\/a><\/strong><\/span><\/div>\n<\/td>\n<\/tr>\n<tr align=\"right\">\n<td align=\"right\"><img loading=\"lazy\" decoding=\"async\" src=\"\/pictures\/coperta_caiete_14_400.png\" alt=\"coperta_caiete_14_400\" title=\"coperta_caiete_14_400\" width=\"82\" height=\"103\"><\/td>\n<td><font size=\"2\"><a href=\"\/Caiete-ARA-14-630.htm\">Caiete ARA &#8211; 14<\/a> <\/font>,<p>Bucure\u0219ti, 2023<\/p><p><strong>22 aprilie 2023<\/strong><\/p><br><\/td>\n<td>\u00a0<\/td>\n<td>\n<p align=\"right\">\u00a0 \u00a0 \u00a0\u00a0 Revista Caiete ARA este inclus\u0103 \u00een baza de date <strong><a href=\"https:\/\/dbh.nsd.uib.no\/publiseringskanaler\/erihplus\/periodical\/info?id=489421\"><em>Erih Plus<\/em><\/a><\/strong> \u0219i <strong><em><a href=\"https:\/\/www.ceeol.com\/search\/journal-detail?id=1739\">CEEOL<\/a><\/em><\/strong><\/p>\n<p align=\"right\">Revist\u0103 evaluat\u0103 <strong><a href=\"http:\/\/www.cncs-nrc.ro\/wp-content\/uploads\/2021\/01\/categorii.Reviste.CNCS_.2020.2.pdf\">CNCS 2020 &#8211; Categoria B<\/a><\/strong><\/p>\n<\/td>\n<\/tr>\n<tr>\n<td>\u00a0<img loading=\"lazy\" decoding=\"async\" title=\"coperta_caiete_13_400\" src=\"\/pictures\/coperta_caiete_13_400.png\" alt=\"coperta_caiete_13_400\" width=\"82\" height=\"103\" \/><\/td>\n<td><span style=\"font-size: small;\"><a href=\"\/caiete-ARA-13-629.htm\">Caiete ARA &#8211; 13<\/a>,<\/span>\n<p><span style=\"font-size: small;\">Bucure\u0219ti, 2022<\/span><\/p>\n<p><span style=\"font-size: xx-small;\"><strong>31 octombrie 2022<\/strong><\/span><\/p>\n<\/td>\n<td>\u00a0<\/td>\n<td rowspan=\"7\">\u00a0\n<p align=\"justify\">Revista Caiete ARA este o publica\u0163ie \u015ftiin\u0163ific\u0103 anual\u0103 care se adreseaz\u0103 cercet\u0103torilor din domeniile istoriei arhitecturii, istoriei artelor, arheologiei \u015fi profesioni\u015ftilor preocupa\u0163i de metodele de salvare, protejare \u015fi punere \u00een valoare a monumentelor istorice \u015fi de art\u0103. Revista oglinde\u015fte aspecte ale cercet\u0103rii de excelen\u0163\u0103 din Rom\u00e2nia legate de monumentele istorice, de la situri \u015fi monumente arheologice p\u00e2n\u0103 la monumente de art\u0103 \u015fi arhitectur\u0103 contemporane. Istoria arhitecturii privit\u0103 ca <em>Ars aedificandi<\/em> apare integrat\u0103 unei viziuni moderne conform c\u0103reia pentru gestionarea corect\u0103 a siturilor istorice, pentru cunoa\u015fterea, \u00een\u0163elegerea \u015fi, implicit, protejarea \u015fi punerea \u00een valoare a acestora este necesar\u0103 o abordare extins\u0103, \u00eensum\u00e2nd concluziile cercet\u0103rii de arhitectur\u0103, de arheologie \u015fi de art\u0103 \u015fi nu \u00een ultimul r\u00e2nd de restaurare.<\/p>\n<p align=\"justify\">Revista Caiete ARA a reu\u015fit s\u0103 devin\u0103 o prezen\u0163\u0103 remarcat\u0103 \u00een termeni pozitivi de c\u0103tre mediile academice interna\u0163ionale. Exemplare numerelor ap\u0103rute p\u00e2n\u0103 acum se afl\u0103 ast\u0103zi \u00een <a href=\"\/distributie-caiete-ara-576.htm\">bibliotecile<\/a> unor importante institu\u0163ii de cercetare \u015fi universit\u0103\u0163i din Europa.\u00a0\u00a0<\/p>\n<p align=\"justify\">\u00a0<\/p>\n<p align=\"justify\"><strong>Editor<\/strong><\/p>\n<p align=\"justify\">dr. Monica M\u0102RGINEANU C\u00c2RSTOIU (Cercet\u0103tor \u0219tiin\u021bific I, Institutul de arheologie \u201eVasile P\u00e2rvan&#8221;, Bucure\u0219ti)<\/p>\n<p align=\"justify\">\u00a0<\/p>\n<p align=\"justify\"><strong>Colegiu de redac\u021bie<\/strong><\/p>\n<p align=\"justify\">dr. Maria ALEXANDRESCU-VIANU (Cercet\u0103tor \u0219tiin\u021bific I, Institutul de arheologie \u201eVasile P\u00e2rvan&#8221;, Bucure\u0219ti)<br \/>dr. Alla BUJSKIKH (Cercet\u0103tor \u0219tiin\u021bific, Institutul de Arheologie al Academiei de \u0218tiin\u021be din Ucraina)<br \/>dr. Pierre DUPONT (Cercet\u0103tor \u0219tiin\u021bific, Lyon)<\/p>\n<p align=\"justify\">dr. Vasiliki ELEFTHERIOU (Director Acropolis Restoration Service, Atena)<\/p>\n<p align=\"justify\">dr. Wolfram HOEPFNER (Profesor universitar, Freie Universit\u00e4t Berlin)<br \/>dr. Dan MOHANU (Profesor universitar, Facultatea de Conservare &#8211; Restaurare, Universitatea Na\u021bional\u0103 de Arte, Bucure\u0219ti)<br \/>dr. Corina POPA (Profesor universitar, Facultatea de Istoria \u0219i Teoria Artei, Universitatea Na\u021bional\u0103 de Arte, Bucure\u0219ti)<br \/>dr. Frank RUMSCHEID (Profesor universitar, Arheologie clasic\u0103, Universitatea Bonn, Bonn)\u00a0<\/p>\n<p align=\"justify\">\u00a0<\/p>\n<p align=\"justify\"><strong>Comitet de redac\u021bie<\/strong><\/p>\n<p align=\"justify\">dr. Virgil APOSTOL, dr. Leti\u021bia COSNEAN NISTOR, dr. Mariana Cristina POPESCU, Elena R\u0102DOI, Andreea C\u00c2RSTOIU, Ileana L\u0102Z\u0102RESCU, dr. Florian MATEI-POPESCU, dr. Natalia TOMA, dr. Iulian B\u00ceRZESCU, dr. Adriana PANAITE.\u00a0<\/p>\n<\/td>\n<\/tr>\n<tr align=\"left\" valign=\"top\">\n<td>\u00a0<a href=\"\/Caiete-ARA-12-625.htm\"><img loading=\"lazy\" decoding=\"async\" title=\"coperta_caiete_12_400\" src=\"\/pictures\/coperta_caiete_12_400.png\" alt=\"coperta_caiete_12_400\" width=\"82\" height=\"103\" align=\"top\" \/><\/a><\/td>\n<td><a href=\"\/Caiete-ARA-12-625.htm\"><span style=\"font-size: small;\">Caiete ARA &#8211; 12<\/span><\/a>,\n<p><span style=\"font-size: small;\">Bucure\u0219ti, 2021<\/span><\/p>\n<p><span style=\"font-size: xx-small;\"><strong>31 iulie 2021<\/strong><\/span><\/p>\n<\/td>\n<td rowspan=\"6\">\u00a0<\/td>\n<\/tr>\n<tr>\n<td>\u00a0<a href=\"\/Caiete-ARA-11-619.htm\"><img loading=\"lazy\" decoding=\"async\" title=\"coperta_caiete_11_400\" src=\"\/pictures\/coperta_caiete_11_400.jpg\" alt=\"coperta_caiete_11_400\" width=\"82\" height=\"103\" align=\"left\" \/><\/a><\/td>\n<td><span style=\"font-size: small;\"><a href=\"\/Caiete-ARA-11-619.htm\">Caiete ARA &#8211; 11<\/a>,<\/span>\n<p><span style=\"font-size: small;\">Bucure\u0219ti, 2020<\/span><\/p>\n<p><span style=\"font-size: xx-small;\"><strong>14 octombrie 2020<\/strong><\/span><\/p>\n<\/td>\n<\/tr>\n<tr>\n<td>\u00a0<a href=\"\/caiete_ara_10_2019-605.htm\"><img loading=\"lazy\" decoding=\"async\" title=\"10_400\" src=\"\/pictures\/10_400.jpg\" alt=\"10_400\" width=\"82\" height=\"103\" align=\"left\" \/><\/a><\/td>\n<td><span style=\"font-size: small;\"><a href=\"\/caiete_ara_10_2019-605.htm\">Caiete ARA &#8211; 10<\/a>,<\/span>\n<p><span style=\"font-size: small;\">Bucure\u0219ti, 2019<\/span><\/p>\n<p><span style=\"font-size: xx-small;\"><strong>11 mai 2019<\/strong><\/span><\/p>\n\u00a0<\/td>\n<\/tr>\n<tr>\n<td>\u00a0<a href=\"\/caiete_ara_9_2018-599.htm\"><img loading=\"lazy\" decoding=\"async\" title=\"coperta_caiete_9_400\" src=\"\/pictures\/coperta_caiete_9_400.jpg\" alt=\"coperta_caiete_9_400\" width=\"82\" height=\"103\" align=\"left\" \/><\/a><\/td>\n<td><span style=\"font-size: small;\"><a href=\"\/caiete_ara_9_2018-599.htm\">Caiete ARA &#8211; 9<\/a>,<\/span>\n<p><span style=\"font-size: small;\">Bucure\u0219ti, 2018<\/span><\/p>\n<p><span style=\"font-size: xx-small;\"><strong>21 aprilie 2018<\/strong><\/span><\/p>\n\u00a0<\/td>\n<\/tr>\n<tr align=\"left\" valign=\"top\">\n<td>\u00a0<a href=\"\/caiete_ara_8-596.htm\"><img loading=\"lazy\" decoding=\"async\" title=\"coperta_caiete_8_400\" src=\"\/pictures\/coperta_caiete_8_400.jpg\" alt=\"coperta_caiete_8_400\" width=\"82\" height=\"103\" align=\"left\" \/><\/a><\/td>\n<td><span style=\"font-size: small;\"><a href=\"\/caiete_ara_8-596.htm\">Caiete ARA &#8211; 8<\/a>,<\/span>\n<p><span style=\"font-size: small;\">Bucure\u0219ti, 2017<\/span><\/p>\n<p><span style=\"font-size: xx-small;\"><strong>22 aprilie 2017<\/strong><\/span><\/p>\n\u00a0<\/td>\n<\/tr>\n<tr>\n<td style=\"width: 100px;\" align=\"left\">\u00a0<a href=\"\/caiete-ara-7-588.htm\"><img loading=\"lazy\" decoding=\"async\" title=\"coperta_400_07\" src=\"\/pictures\/coperta_400_07.jpg\" alt=\"coperta_400_07\" width=\"82\" height=\"103\" align=\"top\" \/><\/a>\n<p>&nbsp;<\/p>\n<p>\u00a0<a href=\"\/caiete-ara-6-584.htm\"><img loading=\"lazy\" decoding=\"async\" title=\"coperta_400_05\" src=\"\/pictures\/coperta_400_05.jpg\" alt=\"coperta_400_05\" width=\"82\" height=\"103\" align=\"left\" \/><\/a><\/p>\n<p>&nbsp;<\/p>\n<p>&nbsp;<\/p>\n<p>&nbsp;<\/p>\n<p>&nbsp;<\/p>\n<p>&nbsp;<\/p>\n<p><a href=\"\/caiete-ara-5-572.htm\"><img loading=\"lazy\" decoding=\"async\" title=\"coperta_ara_5_400\" src=\"\/pictures\/coperta_ara_5_400.jpg\" alt=\"coperta_ara_5_400\" width=\"82\" height=\"103\" \/><\/a><\/p>\n<p>&nbsp;<\/p>\n<p><a href=\"\/caiete-ara-4-550.htm\"><img loading=\"lazy\" decoding=\"async\" title=\"coperta_4._400\" src=\"\/pictures\/coperta_4._400.jpg\" alt=\"coperta_4._400\" width=\"82\" height=\"103\" \/><\/a><\/p>\n<p>&nbsp;<\/p>\n<p>&nbsp;<\/p>\n<p>&nbsp;<\/p>\n<p>&nbsp;<\/p>\n<p>&nbsp;<\/p>\n<p>\u00a0<a href=\"\/caiete-ara-3-382.htm\"><img loading=\"lazy\" decoding=\"async\" style=\"width: 82px; height: 116px;\" title=\"coperta_3_400\" src=\"\/pictures\/coperta_3_400.jpg\" alt=\"coperta_3_400\" width=\"82\" height=\"103\" \/><\/a><\/p>\n<p>&nbsp;<\/p>\n<p>\u00a0<a href=\"\/Caiete-ARA-2-222.htm\"><img decoding=\"async\" style=\"width: 82px; height: 116px;\" title=\"ca_2\" src=\"\/pictures\/ca_2.jpg\" alt=\"ca_2\" width=\"82px\" height=\"116px\" align=\"left\" \/><\/a><\/p>\n<p>&nbsp;<\/p>\n<p>\u00a0<a href=\"\/Caiete-ARA-1-170.htm\"><img loading=\"lazy\" decoding=\"async\" title=\"ca1\" src=\"\/pictures\/ca1.jpg\" alt=\"ca1\" width=\"82\" height=\"103\" align=\"left\" \/><\/a><\/p>\n<\/td>\n<td style=\"width: 100px;\">\n<p><span style=\"font-size: small;\"><a href=\"\/caiete-ara-7-588.htm\">Caiete ARA &#8211; 7<\/a>,<\/span><\/p>\n<p><span style=\"font-size: small;\">Bucure\u0219ti, 2016<\/span><\/p>\n<p><span style=\"font-size: xx-small;\"><strong>23 aprilie 2016<\/strong><\/span><\/p>\n<p>&nbsp;<\/p>\n<p>&nbsp;<\/p>\n<p>&nbsp;<\/p>\n<p><span style=\"font-size: small;\"><a href=\"\/caiete-ara-6-584.htm\">Caiete ARA &#8211; 6<\/a>,<\/span><\/p>\n<p><span style=\"font-size: small;\">Bucure\u0219ti, 2015<\/span><\/p>\n<p><span style=\"font-size: xx-small;\"><strong>25 aprilie 2015<\/strong><\/span><\/p>\n<p>&nbsp;<\/p>\n<p>&nbsp;<\/p>\n<p><span style=\"font-size: small;\"><a href=\"\/caiete-ara-5-572.htm\">Caiete ARA &#8211; 5<\/a>,<\/span><\/p>\n<p><span style=\"font-size: small;\">Bucure\u0219ti, 2014<\/span><\/p>\n<p><span style=\"font-size: xx-small;\"><strong>26 aprilie 2014<\/strong><\/span><\/p>\n<p>&nbsp;<\/p>\n<p>&nbsp;<\/p>\n<p>&nbsp;<\/p>\n<p><span style=\"font-size: small;\"><a href=\"\/caiete-ara-4-550.htm\">Caiete ARA &#8211; 4<\/a>,<\/span><\/p>\n<p><span style=\"font-size: small;\">Bucure\u0219ti, 2013<\/span><\/p>\n<p><span style=\"font-size: xx-small;\"><strong>20 aprilie 2013<\/strong><\/span><\/p>\n<p>&nbsp;<\/p>\n<p>&nbsp;<\/p>\n<p>&nbsp;<\/p>\n<p><span style=\"font-size: small;\"><a href=\"\/caiete-ara-3-382.htm\">Caiete ARA &#8211; 3<\/a>,<\/span><\/p>\n<p><span style=\"font-size: small;\">Bucure\u0219ti, 2012 <\/span><\/p>\n<p><span style=\"font-size: xx-small;\"><strong>21 aprilie 2012<\/strong><\/span><\/p>\n<p>&nbsp;<\/p>\n<p>&nbsp;<\/p>\n<p><span style=\"font-size: small;\"><a href=\"\/Caiete-ARA-2-222.htm\">Caiete ARA &#8211; 2<\/a>,<\/span><\/p>\n<p><span style=\"font-size: small;\">Bucure\u0219ti, 2011 <\/span><\/p>\n<p><span style=\"font-size: xx-small;\"><strong>16 aprilie 2011<\/strong><\/span><\/p>\n<p>&nbsp;<\/p>\n<p>&nbsp;<\/p>\n<p>&nbsp;<\/p>\n<p><span style=\"font-size: small;\"><a href=\"\/Caiete-ARA-1-170.htm\">Caiete ARA &#8211; 1,<\/a><\/span><\/p>\n<p><span style=\"font-size: small;\">Bucure\u0219ti, 2010 <\/span><\/p>\n<p><span style=\"font-size: xx-small;\"><strong>24 aprilie 2010<\/strong><\/span><\/p>\n<\/td>\n<\/tr>\n<\/tbody>\n<\/table>\n<\/div>\n<p>\u00a0<span style=\"text-align: justify;\">\u00a0<\/span><span style=\"text-align: justify; font-size: small;\">\u00a0<\/span><\/p>\n<p>&nbsp;<\/p>\n<\/div>\n<\/div>\n<!-- \/wp:html -->\t\t\t\t\t\t<\/div>\n\t\t\t\t<\/div>\n\t\t\t\t\t<\/div>\n\t\t\t\t<\/div>\n\t\t\t\t\t\t\t<\/div>\n\t\t","protected":false},"excerpt":{"rendered":"<p>\u00a0 \u00a0 &nbsp; \u00a0 \u00a0\u00a0\u00a0\u00a0\u00a0\u00a0\u00a0 \u00a0 \u00a0 \u00a0 \u00a0 \u00a0 \u00a0 \u00a0 \u00a0 \u00a0 \u00a0 \u00a0 \u00a0 \u00a0 \u00a0 \u00a0\u00a0\u00a0\u00a0 Norme editoriale Procesul de recenzare Formular de recenzare Declara\u021bie de etic\u0103 editorial\u0103 \u0219i malpraxis&#46;&#46;&#46;<\/p>\n","protected":false},"author":1,"featured_media":0,"parent":0,"menu_order":0,"comment_status":"closed","ping_status":"closed","template":"","meta":{"footnotes":""},"class_list":["post-39","page","type-page","status-publish","hentry"],"_links":{"self":[{"href":"https:\/\/simpara.ro\/index.php?rest_route=\/wp\/v2\/pages\/39","targetHints":{"allow":["GET"]}}],"collection":[{"href":"https:\/\/simpara.ro\/index.php?rest_route=\/wp\/v2\/pages"}],"about":[{"href":"https:\/\/simpara.ro\/index.php?rest_route=\/wp\/v2\/types\/page"}],"author":[{"embeddable":true,"href":"https:\/\/simpara.ro\/index.php?rest_route=\/wp\/v2\/users\/1"}],"replies":[{"embeddable":true,"href":"https:\/\/simpara.ro\/index.php?rest_route=%2Fwp%2Fv2%2Fcomments&post=39"}],"version-history":[{"count":5,"href":"https:\/\/simpara.ro\/index.php?rest_route=\/wp\/v2\/pages\/39\/revisions"}],"predecessor-version":[{"id":3828,"href":"https:\/\/simpara.ro\/index.php?rest_route=\/wp\/v2\/pages\/39\/revisions\/3828"}],"wp:attachment":[{"href":"https:\/\/simpara.ro\/index.php?rest_route=%2Fwp%2Fv2%2Fmedia&parent=39"}],"curies":[{"name":"wp","href":"https:\/\/api.w.org\/{rel}","templated":true}]}}