{"id":4488,"date":"2023-11-14T12:35:33","date_gmt":"2023-11-14T12:35:33","guid":{"rendered":"https:\/\/nou.simpara.ro\/?page_id=4488"},"modified":"2023-12-17T11:18:34","modified_gmt":"2023-12-17T11:18:34","slug":"contacti-rm","status":"publish","type":"page","link":"https:\/\/simpara.ro\/?page_id=4488","title":{"rendered":"Contacti"},"content":{"rendered":"\n<div id=\"right\">                                                  \t\t\t\n      <div id=\"fb-root\" class=\" fb_reset\"><div style=\"position: absolute; top: -10000px; width: 0px; height: 0px;\"><div><\/div><\/div><\/div>\n      \n      <script>(function(d, s, id) {\n        var js, fjs = d.getElementsByTagName(s)[0];\n        if (d.getElementById(id)) {return;}\n        js = d.createElement(s); js.id = id;\n        js.src = \"\/\/connect.facebook.net\/en_US\/all.js#xfbml=1\";\n        fjs.parentNode.insertBefore(js, fjs);\n      }(document, 'script', 'facebook-jssdk'));<\/script>\n      <div class=\"fb-like fb_iframe_widget\" data-send=\"true\" data-width=\"320\" data-show-faces=\"false\" style=\"float:right\" fb-xfbml-state=\"parsed\" fb-iframe-plugin-query=\"app_id=&amp;container_width=0&amp;href=http%3A%2F%2Fsimpara.ro%2FRO%2FRO-133.htm&amp;locale=en_US&amp;sdk=joey&amp;send=true&amp;show_faces=false&amp;width=320\"><span style=\"vertical-align: top; width: 0px; height: 0px; overflow: hidden;\"><iframe loading=\"lazy\" name=\"f4566cfe32eb5\" width=\"320px\" height=\"1000px\" data-testid=\"fb:like Facebook Social Plugin\" title=\"fb:like Facebook Social Plugin\" frameborder=\"0\" allowtransparency=\"true\" allowfullscreen=\"true\" scrolling=\"no\" allow=\"encrypted-media\" src=\"https:\/\/www.facebook.com\/plugins\/like.php?app_id=&amp;channel=https%3A%2F%2Fstaticxx.facebook.com%2Fx%2Fconnect%2Fxd_arbiter%2F%3Fversion%3D46%23cb%3Df1c239f234ce87%26domain%3Dsimpara.ro%26is_canvas%3Dfalse%26origin%3Dhttp%253A%252F%252Fsimpara.ro%252Ff2ae97605a3accc%26relation%3Dparent.parent&amp;container_width=0&amp;href=http%3A%2F%2Fsimpara.ro%2FRO%2FRO-133.htm&amp;locale=en_US&amp;sdk=joey&amp;send=true&amp;show_faces=false&amp;width=320\" style=\"border: none; visibility: hidden;\"><\/iframe><\/span><\/div>\n            \n\t\t<div class=\"content\">\n\t  <h2>Contact<\/h2>\t      <form method=\"post\" action=\"\/sendmail.htm\">\n      <p>\n      <input type=\"hidden\" name=\"menuid\" value=\"133\">\n      <input type=\"hidden\" name=\"adress\" value=\"22\">\n    \t<label>Nume:<\/label><input type=\"text\" name=\"nume\" size=\"30\"> <br><br>\n    \t<label>Telefon: <\/label><input type=\"text\" name=\"telefon\" size=\"30\"><br><br>\n    \t<label>Email: <\/label><input type=\"text\" name=\"email\" size=\"30\"><br><br>\n    \t<label>Mesaj: <\/label><br><textarea name=\"mesaj\" rows=\"3\" cols=\"50\"><\/textarea> <br><br>\n    \t<input type=\"submit\" name=\"trimite\" class=\"submit1\" value=\"Trimite\">\n    \t<\/p>\n    \t<\/form>\n\t    \n\t    \n\t\t<\/div>\n\t\t<div class=\"content\">\n\t  <h2><\/h2>\t\t<p><strong>Asocia\u0163ia <span style=\"font-family: 'Times New Roman'; font-size: 12pt\"><font face=\"tahoma,arial,helvetica,sans-serif\" size=\"1\">\u201e<\/font><\/span><\/strong><strong><em>Arhitectur\u0103. Restaurare. Arheologie<span style=\"font-family: Arial; font-size: 12pt\"><font face=\"tahoma,arial,helvetica,sans-serif\" size=\"1\">&#8222;<\/font><\/span><\/em><\/strong><\/p><p>adresa: str.Lung\u0103 nr. 56, Bra\u015fov, 500058<\/p><p>tel\/fax: 004 021 3217632<\/p><p>e-mail: <span>asociatie<\/span><span>@<\/span><span>simpara.ro<\/span><\/p><p>adresa de coresponden\u0163\u0103: Calea Vitan nr. 8, bl. V51, sc.2, ap. 42, sector 3, Bucure\u015fti, 031296<\/p><p>&nbsp;<\/p><p><em>V\u0103 rug\u0103m s\u0103 adresa\u0163i coresponden\u0163a Asocia\u0163iei<\/em> <span style=\"font-family: 'Times New Roman'; font-size: 12pt\"><font face=\"tahoma,arial,helvetica,sans-serif\" size=\"1\">\u201e<\/font><\/span><em>Arhitectur\u0103. Restaurare. Arheologie<font face=\"tahoma,arial,helvetica,sans-serif\">&#8222;<\/font><\/em>&nbsp;<\/p>\n\t\n\t\t<\/div>\n\t\t      <\/div>\n","protected":false},"excerpt":{"rendered":"<p>Contact Nume: Telefon: Email: Mesaj: Asocia\u0163ia \u201eArhitectur\u0103. Restaurare. Arheologie&#8222; adresa: str.Lung\u0103 nr. 56, Bra\u015fov, 500058 tel\/fax: 004 021 3217632 e-mail: asociatie@simpara.ro adresa de coresponden\u0163\u0103: Calea Vitan nr. 8, bl. V51, sc.2, ap. 42, sector&#46;&#46;&#46;<\/p>\n","protected":false},"author":1,"featured_media":0,"parent":0,"menu_order":0,"comment_status":"closed","ping_status":"closed","template":"","meta":{"footnotes":""},"class_list":["post-4488","page","type-page","status-publish","hentry"],"_links":{"self":[{"href":"https:\/\/simpara.ro\/index.php?rest_route=\/wp\/v2\/pages\/4488","targetHints":{"allow":["GET"]}}],"collection":[{"href":"https:\/\/simpara.ro\/index.php?rest_route=\/wp\/v2\/pages"}],"about":[{"href":"https:\/\/simpara.ro\/index.php?rest_route=\/wp\/v2\/types\/page"}],"author":[{"embeddable":true,"href":"https:\/\/simpara.ro\/index.php?rest_route=\/wp\/v2\/users\/1"}],"replies":[{"embeddable":true,"href":"https:\/\/simpara.ro\/index.php?rest_route=%2Fwp%2Fv2%2Fcomments&post=4488"}],"version-history":[{"count":6,"href":"https:\/\/simpara.ro\/index.php?rest_route=\/wp\/v2\/pages\/4488\/revisions"}],"predecessor-version":[{"id":5668,"href":"https:\/\/simpara.ro\/index.php?rest_route=\/wp\/v2\/pages\/4488\/revisions\/5668"}],"wp:attachment":[{"href":"https:\/\/simpara.ro\/index.php?rest_route=%2Fwp%2Fv2%2Fmedia&parent=4488"}],"curies":[{"name":"wp","href":"https:\/\/api.w.org\/{rel}","templated":true}]}}