{"id":888,"date":"2023-09-29T16:52:07","date_gmt":"2023-09-29T16:52:07","guid":{"rendered":"https:\/\/nou.simpara.ro\/?page_id=888"},"modified":"2023-11-10T09:47:11","modified_gmt":"2023-11-10T09:47:11","slug":"studies-and-scientific-reports","status":"publish","type":"page","link":"https:\/\/simpara.ro\/?page_id=888&lang=en","title":{"rendered":"Studies and Scientific Reports"},"content":{"rendered":"\t\t<div data-elementor-type=\"wp-page\" data-elementor-id=\"888\" class=\"elementor elementor-888\">\n\t\t\t\t\t\t\t<div class=\"elementor-element elementor-element-204d813c e-flex e-con-boxed e-con e-parent\" data-id=\"204d813c\" data-element_type=\"container\" data-settings=\"{&quot;content_width&quot;:&quot;boxed&quot;}\" data-core-v316-plus=\"true\">\n\t\t\t\t\t<div class=\"e-con-inner\">\n\t\t\t\t<div class=\"elementor-element elementor-element-2dc71d0c elementor-widget elementor-widget-text-editor\" data-id=\"2dc71d0c\" data-element_type=\"widget\" data-widget_type=\"text-editor.default\">\n\t\t\t\t<div class=\"elementor-widget-container\">\n\t\t\t<style>\/*! elementor - v3.17.0 - 08-11-2023 *\/\n.elementor-widget-text-editor.elementor-drop-cap-view-stacked .elementor-drop-cap{background-color:#69727d;color:#fff}.elementor-widget-text-editor.elementor-drop-cap-view-framed .elementor-drop-cap{color:#69727d;border:3px solid;background-color:transparent}.elementor-widget-text-editor:not(.elementor-drop-cap-view-default) .elementor-drop-cap{margin-top:8px}.elementor-widget-text-editor:not(.elementor-drop-cap-view-default) .elementor-drop-cap-letter{width:1em;height:1em}.elementor-widget-text-editor .elementor-drop-cap{float:left;text-align:center;line-height:1;font-size:50px}.elementor-widget-text-editor .elementor-drop-cap-letter{display:inline-block}<\/style>\t\t\t\t<!-- wp:html -->\n<div id=\"right\">\n<div id=\"fb-root\" class=\" fb_reset\">\n<div style=\"position: absolute; top: -10000px; width: 0px; height: 0px;\">\n<div>\u00a0<\/div>\n<\/div>\n<\/div>\n<script>(function(d, s, id) {\n        var js, fjs = d.getElementsByTagName(s)[0];\n        if (d.getElementById(id)) {return;}\n        js = d.createElement(s); js.id = id;\n        js.src = \"\/\/connect.facebook.net\/en_US\/all.js#xfbml=1\";\n        fjs.parentNode.insertBefore(js, fjs);\n      }(document, 'script', 'facebook-jssdk'));<\/script>\n<div class=\"fb-like fb_iframe_widget\" style=\"float: right;\" data-send=\"true\" data-width=\"320\" data-show-faces=\"false\"><span style=\"vertical-align: bottom; width: 320px; height: 20px;\"><iframe loading=\"lazy\" class=\"\" style=\"border: none; visibility: visible; width: 320px; height: 20px;\" title=\"fb:like Facebook Social Plugin\" src=\"https:\/\/www.facebook.com\/plugins\/like.php?app_id=&amp;channel=https%3A%2F%2Fstaticxx.facebook.com%2Fx%2Fconnect%2Fxd_arbiter%2F%3Fversion%3D46%23cb%3Df913071eb8d004%26domain%3Dsimpara.ro%26is_canvas%3Dfalse%26origin%3Dhttp%253A%252F%252Fsimpara.ro%252Ff1069ff50c3337%26relation%3Dparent.parent&amp;container_width=0&amp;href=http%3A%2F%2Fsimpara.ro%2FGB%2FStudies-and-Scientific-Reports-115.htm&amp;locale=en_US&amp;sdk=joey&amp;send=true&amp;show_faces=false&amp;width=320\" name=\"f294ccdecf2ac08\" width=\"320px\" height=\"1000px\" frameborder=\"0\" scrolling=\"no\" allowfullscreen=\"allowfullscreen\" data-testid=\"fb:like Facebook Social Plugin\"><\/iframe><\/span><\/div>\n<div class=\"content\">\n<h2>\u00a0<\/h2>\n<p><img loading=\"lazy\" decoding=\"async\" title=\"ca6\" src=\"\/pictures\/ca6.jpg\" alt=\"ca6\" width=\"81\" height=\"116\" align=\"left\" \/> V. Apostol, \u0218t. B\u00e2lici,<em>\u00a0Structuri arheologice din Centrul istoric al Bucure\u015ftiului [Archaeological Structures in the Historical Centre of Bucharest]<\/em>, Ed. ARA<em>, <\/em>Bucure\u0219ti, 2009-2013<\/p>\n<p><strong>January 17th, 2013<\/strong><\/p>\n<p>&nbsp;<\/p>\n<p>Available only in the Romanian section of the site<\/p>\n<\/div>\n<div class=\"content\">\n<h2>\u00a0<\/h2>\n<p><img loading=\"lazy\" decoding=\"async\" style=\"width: 84px; height: 120px;\" title=\"mapa_rosia_ii_coperta_400\" src=\"\/pictures\/mapa_rosia_ii_coperta_400.jpg\" alt=\"mapa_rosia_ii_coperta_400\" width=\"84\" height=\"120\" align=\"left\" \/>V. Apostol, \u0218t. B\u00e2lici (eds.)<em>, <\/em><a href=\"\/1724-2\/\"><em>Ro\u015fia Montan\u0103 &#8211; documente de arhitectur\u0103, II<\/em>\u00a0[Ro\u015fia Montan\u0103 &#8211; architecture documents, II]<\/a>, Ed. ARA, Bucure\u0219ti, 2012<\/p>\n<p><strong>August 16<sup><sub>th<\/sub><\/sup>,\u00a02012<\/strong><\/p>\n<p>&nbsp;<\/p>\n<p>Available only in the Romanian section of the site<\/p>\n<\/div>\n<div class=\"content\">\n<h2>\u00a0<\/h2>\n<p><em><img loading=\"lazy\" decoding=\"async\" style=\"width: 80px; height: 115px;\" title=\"tumul_thumb_400\" src=\"\/pictures\/tumul_thumb_400.jpg\" alt=\"tumul_thumb_400\" width=\"80\" height=\"115\" align=\"left\" \/><\/em><em><a href=\"\/files\/Funerary%20Architecture%20in%20Alburnus%20Maior-Virgil%20Apostol.pdf\"> Funerary architecture in Alburnus Maior (Ro\u015fia Montan\u0103): The circular\u00a0monument<\/a> <\/em><em>[Arhitectur\u0103 funerar\u0103 de la Alburnus Maior (Ro\u015fia Montan\u0103): <\/em><em>Monumentul\u00a0circular]<\/em>, Dacia, N.S., 38-39, Bucure\u0219ti, 2004-2005, p.249-282.<\/p>\n<p>&nbsp;<\/p>\n<p><strong>July 31<sub><sup>st,<\/sup><\/sub> 2011<\/strong><\/p>\n<p>&nbsp;<\/p>\n<\/div>\n<div class=\"content\">\n<h2>\u00a0<\/h2>\n<p><img loading=\"lazy\" decoding=\"async\" title=\"ca4\" src=\"\/pictures\/ca4.jpg\" alt=\"ca4\" width=\"81\" height=\"114\" align=\"left\" \/>M. M\u0103rgineanu C\u00e2rstoiu, V. Apostol, \u0218t. B\u00e2lici<em>,<\/em><a href=\"\/files\/Membra%20II_ARA.pdf\"><em> Membra Disiecta. Roman Lithic Fragments in Ha\u021beg (Part II)<\/em><\/a> [<em>Membra disiecta. Fragmente litice romane\u00a0\u00een Ha\u0163eg (partea a II-a)<\/em>], Dacia, N.S., 53, Bucure\u0219ti, 2009, p.47-112<\/p>\n<p>&nbsp;<\/p>\n<p><strong>December20<sup>th<\/sup><sub>, 2010<br \/><\/sub><\/strong><\/p>\n<p>&nbsp;<\/p>\n<p>&nbsp;<\/p>\n<\/div>\n<div class=\"content\">\n<h2>\u00a0<\/h2>\n<p><img loading=\"lazy\" decoding=\"async\" title=\"coperta_120\" src=\"\/pictures\/coperta_120.jpg\" alt=\"coperta_120\" width=\"84\" height=\"120\" align=\"left\" \/> V. Apostol, \u0218t. B\u00e2lici (ed.),<em> <a href=\"\/rosia-montana-documente-de-arhitectura-i\/\">Ro\u015fia Montan\u0103 &#8211; documente de arhitectur\u0103, I<\/a> <a href=\"http:\/\/simpara.ro\/Rosia-Montana---documente-de-arhitectura-prezentare-182.htm\"> [<\/a><\/em><em><a href=\"\/rosia-montana-documente-de-arhitectura-i\/\">Ro\u015fia Montan\u0103 &#8211; architecture documents, I]<\/a>,<\/em> Bucure\u0219ti, 2010<\/p>\n<p>&nbsp;<\/p>\n<p><strong>May 21<sup><sub>st, <\/sub><\/sup>2010\u00a0<\/strong><\/p>\n<\/div>\n<div class=\"content\">\n<h2>\u00a0<\/h2>\n<p><img loading=\"lazy\" decoding=\"async\" title=\"ca7\" src=\"\/pictures\/ca7.jpg\" alt=\"ca7\" width=\"81\" height=\"115\" align=\"left\" \/>\u0218t. B\u00e2lici, V. Apostol, C. Apostol, <em>Plan Urbanistic Zonal &#8211; Zona istoric\u0103 central\u0103 Ro\u015fia Montan\u0103<\/em><em> [Zonal Urban Plan of Ro\u015fia Montan\u0103 Central Historic Site]<\/em>, Ed. ARA, Bucure\u0219ti, 2007\u00a0<\/p>\n<p>Bucharest, 2007\u00a0\u00a0<\/p>\n<p><span style=\"font-family: Arial; color: black; font-size: 8pt;\">This document integrates foundation studies, memoir and regulations for the Zonal Urban Plan of Ro\u015fia Montan\u0103 Central Historic Site.<\/span><span style=\"font-family: Arial; font-size: 8pt;\"> National Commission of Historic Monuments has recommended <span style=\"color: black;\">\u201ethe including of C\u00e2rnic and Jig massifs, up to their highest levels, into the perimeter of the central historic area of Ro<\/span><\/span><span style=\"font-family: Arial; color: black; font-size: 8pt;\">\u015f<\/span><span style=\"font-family: Arial; color: black; font-size: 8pt;\">ia Montan\u0103&#8221;<\/span><span style=\"font-family: Arial; font-size: 8pt;\">. After integrating the recommendation in the documentation, <span style=\"color: black;\">the Ro\u015fia Montan\u0103 Local Council, <\/span>ignoring this recommendation, <span style=\"color: black;\">decided to suspend the <\/span>process of examining and approving the <span style=\"color: black;\">Zonal Urban Plan of Ro\u015fia Montan\u0103 Central Historic Site<\/span>.<\/span><\/p>\n<p><span style=\"font-family: Arial; font-size: 8pt;\"><span style=\"font-size: small;\">\u00a0\u00a0\u00a0\u00a0\u00a0\u00a0\u00a0\u00a0\u00a0\u00a0\u00a0\u00a0\u00a0\u00a0\u00a0\u00a0\u00a0\u00a0\u00a0\u00a0\u00a0 Available only in the Romanian section of the site<\/span><\/span><\/p>\n<\/div>\n<\/div>\n<!-- \/wp:html -->\t\t\t\t\t\t<\/div>\n\t\t\t\t<\/div>\n\t\t\t\t\t<\/div>\n\t\t\t\t<\/div>\n\t\t\t\t\t\t\t<\/div>\n\t\t","protected":false},"excerpt":{"rendered":"<p>\u00a0 \u00a0 V. Apostol, \u0218t. B\u00e2lici,\u00a0Structuri arheologice din Centrul istoric al Bucure\u015ftiului [Archaeological Structures in the Historical Centre of Bucharest], Ed. ARA, Bucure\u0219ti, 2009-2013 January 17th, 2013 &nbsp; Available only in the Romanian section&#46;&#46;&#46;<\/p>\n","protected":false},"author":1,"featured_media":0,"parent":0,"menu_order":0,"comment_status":"closed","ping_status":"closed","template":"","meta":{"footnotes":""},"class_list":["post-888","page","type-page","status-publish","hentry"],"_links":{"self":[{"href":"https:\/\/simpara.ro\/index.php?rest_route=\/wp\/v2\/pages\/888","targetHints":{"allow":["GET"]}}],"collection":[{"href":"https:\/\/simpara.ro\/index.php?rest_route=\/wp\/v2\/pages"}],"about":[{"href":"https:\/\/simpara.ro\/index.php?rest_route=\/wp\/v2\/types\/page"}],"author":[{"embeddable":true,"href":"https:\/\/simpara.ro\/index.php?rest_route=\/wp\/v2\/users\/1"}],"replies":[{"embeddable":true,"href":"https:\/\/simpara.ro\/index.php?rest_route=%2Fwp%2Fv2%2Fcomments&post=888"}],"version-history":[{"count":24,"href":"https:\/\/simpara.ro\/index.php?rest_route=\/wp\/v2\/pages\/888\/revisions"}],"predecessor-version":[{"id":3884,"href":"https:\/\/simpara.ro\/index.php?rest_route=\/wp\/v2\/pages\/888\/revisions\/3884"}],"wp:attachment":[{"href":"https:\/\/simpara.ro\/index.php?rest_route=%2Fwp%2Fv2%2Fmedia&parent=888"}],"curies":[{"name":"wp","href":"https:\/\/api.w.org\/{rel}","templated":true}]}}